{"id":72,"date":"2022-07-10T18:13:40","date_gmt":"2022-07-10T16:13:40","guid":{"rendered":"http:\/\/boulangerieloisance.fr\/?page_id=72"},"modified":"2022-07-22T17:40:24","modified_gmt":"2022-07-22T15:40:24","slug":"boulangerie","status":"publish","type":"page","link":"https:\/\/boulangerieloisance.fr\/index.php\/boulangerie\/","title":{"rendered":"Boulangerie"},"content":{"rendered":"\n<div class=\"wp-block-columns is-layout-flex wp-container-core-columns-is-layout-9d6595d7 wp-block-columns-is-layout-flex\">\n<div class=\"wp-block-column is-layout-flow wp-block-column-is-layout-flow\">\n<figure class=\"wp-block-image size-large\"><img loading=\"lazy\" decoding=\"async\" width=\"805\" height=\"1024\" src=\"http:\/\/boulangerieloisance.fr\/wp-content\/uploads\/2022\/07\/IMG_5351-805x1024.jpg\" alt=\"\" class=\"wp-image-73\" srcset=\"https:\/\/boulangerieloisance.fr\/wp-content\/uploads\/2022\/07\/IMG_5351-805x1024.jpg 805w, https:\/\/boulangerieloisance.fr\/wp-content\/uploads\/2022\/07\/IMG_5351-236x300.jpg 236w, https:\/\/boulangerieloisance.fr\/wp-content\/uploads\/2022\/07\/IMG_5351-768x977.jpg 768w, https:\/\/boulangerieloisance.fr\/wp-content\/uploads\/2022\/07\/IMG_5351-1208x1536.jpg 1208w, https:\/\/boulangerieloisance.fr\/wp-content\/uploads\/2022\/07\/IMG_5351-1610x2048.jpg 1610w, https:\/\/boulangerieloisance.fr\/wp-content\/uploads\/2022\/07\/IMG_5351-scaled.jpg 2013w\" sizes=\"auto, (max-width: 805px) 100vw, 805px\" \/><\/figure>\n<\/div>\n\n\n\n<div class=\"wp-block-column is-layout-flow wp-block-column-is-layout-flow\">\n<p>Le pain de la boulangerie Loisance est fa\u00e7onn\u00e9 dans notre fournil chaque matin par le boulanger. Il est ensuite mis \u00e0 votre disposition dans notre magasin. <\/p>\n\n\n\n<p>Toutes sortes de pain sont fait : pain au bl\u00e9 complet, au multi-fruits, pain bucherons&#8230;<\/p>\n\n\n\n<p>Pour toutes demandes sp\u00e9cifiques vous pouvez venir dans notre magasin.<\/p>\n<\/div>\n<\/div>\n","protected":false},"excerpt":{"rendered":"<p>Le pain de la boulangerie Loisance est fa\u00e7onn\u00e9 dans notre fournil chaque matin par le boulanger. Il est ensuite mis \u00e0 votre disposition dans notre magasin. Toutes sortes de pain sont fait : pain au bl\u00e9 complet, au multi-fruits, pain bucherons&#8230; Pour toutes demandes sp\u00e9cifiques vous pouvez venir dans notre [&hellip;]<\/p>\n","protected":false},"author":1,"featured_media":0,"parent":0,"menu_order":0,"comment_status":"closed","ping_status":"closed","template":"","meta":{"footnotes":""},"class_list":["post-72","page","type-page","status-publish","hentry"],"yoast_head":"<!-- This site is optimized with the Yoast SEO plugin v19.3 - https:\/\/yoast.com\/wordpress\/plugins\/seo\/ -->\n<title>Boulangerie - Boulangerie Loisance<\/title>\n<meta name=\"description\" content=\"Le pain de la boulangerie Loisance est fa\u00e7onn\u00e9 dans notre fournil chaque matin par le boulanger. Il est ensuite mis \u00e0 votre disposition dans notre magasin.\" \/>\n<meta name=\"robots\" content=\"index, follow, max-snippet:-1, max-image-preview:large, max-video-preview:-1\" \/>\n<link rel=\"canonical\" href=\"https:\/\/boulangerieloisance.fr\/index.php\/boulangerie\/\" \/>\n<meta property=\"og:locale\" content=\"fr_FR\" \/>\n<meta property=\"og:type\" content=\"article\" \/>\n<meta property=\"og:title\" content=\"Boulangerie - Boulangerie Loisance\" \/>\n<meta property=\"og:description\" content=\"Le pain de la boulangerie Loisance est fa\u00e7onn\u00e9 dans notre fournil chaque matin par le boulanger. Il est ensuite mis \u00e0 votre disposition dans notre magasin.\" \/>\n<meta property=\"og:url\" content=\"https:\/\/boulangerieloisance.fr\/index.php\/boulangerie\/\" \/>\n<meta property=\"og:site_name\" content=\"Boulangerie Loisance\" \/>\n<meta property=\"article:modified_time\" content=\"2022-07-22T15:40:24+00:00\" \/>\n<meta property=\"og:image\" content=\"http:\/\/boulangerieloisance.fr\/wp-content\/uploads\/2022\/07\/IMG_5351-805x1024.jpg\" \/>\n<meta name=\"twitter:card\" content=\"summary_large_image\" \/>\n<meta name=\"twitter:label1\" content=\"Dur\u00e9e de lecture estim\u00e9e\" \/>\n\t<meta name=\"twitter:data1\" content=\"1 minute\" \/>\n<script type=\"application\/ld+json\" class=\"yoast-schema-graph\">{\"@context\":\"https:\/\/schema.org\",\"@graph\":[{\"@type\":\"WebSite\",\"@id\":\"https:\/\/boulangerieloisance.fr\/#website\",\"url\":\"https:\/\/boulangerieloisance.fr\/\",\"name\":\"Boulangerie Loisance\",\"description\":\"\",\"potentialAction\":[{\"@type\":\"SearchAction\",\"target\":{\"@type\":\"EntryPoint\",\"urlTemplate\":\"https:\/\/boulangerieloisance.fr\/?s={search_term_string}\"},\"query-input\":\"required name=search_term_string\"}],\"inLanguage\":\"fr-FR\"},{\"@type\":\"ImageObject\",\"inLanguage\":\"fr-FR\",\"@id\":\"https:\/\/boulangerieloisance.fr\/index.php\/boulangerie\/#primaryimage\",\"url\":\"http:\/\/boulangerieloisance.fr\/wp-content\/uploads\/2022\/07\/IMG_5351-805x1024.jpg\",\"contentUrl\":\"http:\/\/boulangerieloisance.fr\/wp-content\/uploads\/2022\/07\/IMG_5351-805x1024.jpg\"},{\"@type\":\"WebPage\",\"@id\":\"https:\/\/boulangerieloisance.fr\/index.php\/boulangerie\/\",\"url\":\"https:\/\/boulangerieloisance.fr\/index.php\/boulangerie\/\",\"name\":\"Boulangerie - Boulangerie Loisance\",\"isPartOf\":{\"@id\":\"https:\/\/boulangerieloisance.fr\/#website\"},\"primaryImageOfPage\":{\"@id\":\"https:\/\/boulangerieloisance.fr\/index.php\/boulangerie\/#primaryimage\"},\"datePublished\":\"2022-07-10T16:13:40+00:00\",\"dateModified\":\"2022-07-22T15:40:24+00:00\",\"description\":\"Le pain de la boulangerie Loisance est fa\u00e7onn\u00e9 dans notre fournil chaque matin par le boulanger. Il est ensuite mis \u00e0 votre disposition dans notre magasin.\",\"breadcrumb\":{\"@id\":\"https:\/\/boulangerieloisance.fr\/index.php\/boulangerie\/#breadcrumb\"},\"inLanguage\":\"fr-FR\",\"potentialAction\":[{\"@type\":\"ReadAction\",\"target\":[\"https:\/\/boulangerieloisance.fr\/index.php\/boulangerie\/\"]}]},{\"@type\":\"BreadcrumbList\",\"@id\":\"https:\/\/boulangerieloisance.fr\/index.php\/boulangerie\/#breadcrumb\",\"itemListElement\":[{\"@type\":\"ListItem\",\"position\":1,\"name\":\"Accueil\",\"item\":\"https:\/\/boulangerieloisance.fr\/\"},{\"@type\":\"ListItem\",\"position\":2,\"name\":\"Boulangerie\"}]}]}<\/script>\n<!-- \/ Yoast SEO plugin. -->","yoast_head_json":{"title":"Boulangerie - Boulangerie Loisance","description":"Le pain de la boulangerie Loisance est fa\u00e7onn\u00e9 dans notre fournil chaque matin par le boulanger. Il est ensuite mis \u00e0 votre disposition dans notre magasin.","robots":{"index":"index","follow":"follow","max-snippet":"max-snippet:-1","max-image-preview":"max-image-preview:large","max-video-preview":"max-video-preview:-1"},"canonical":"https:\/\/boulangerieloisance.fr\/index.php\/boulangerie\/","og_locale":"fr_FR","og_type":"article","og_title":"Boulangerie - Boulangerie Loisance","og_description":"Le pain de la boulangerie Loisance est fa\u00e7onn\u00e9 dans notre fournil chaque matin par le boulanger. Il est ensuite mis \u00e0 votre disposition dans notre magasin.","og_url":"https:\/\/boulangerieloisance.fr\/index.php\/boulangerie\/","og_site_name":"Boulangerie Loisance","article_modified_time":"2022-07-22T15:40:24+00:00","og_image":[{"url":"http:\/\/boulangerieloisance.fr\/wp-content\/uploads\/2022\/07\/IMG_5351-805x1024.jpg"}],"twitter_card":"summary_large_image","twitter_misc":{"Dur\u00e9e de lecture estim\u00e9e":"1 minute"},"schema":{"@context":"https:\/\/schema.org","@graph":[{"@type":"WebSite","@id":"https:\/\/boulangerieloisance.fr\/#website","url":"https:\/\/boulangerieloisance.fr\/","name":"Boulangerie Loisance","description":"","potentialAction":[{"@type":"SearchAction","target":{"@type":"EntryPoint","urlTemplate":"https:\/\/boulangerieloisance.fr\/?s={search_term_string}"},"query-input":"required name=search_term_string"}],"inLanguage":"fr-FR"},{"@type":"ImageObject","inLanguage":"fr-FR","@id":"https:\/\/boulangerieloisance.fr\/index.php\/boulangerie\/#primaryimage","url":"http:\/\/boulangerieloisance.fr\/wp-content\/uploads\/2022\/07\/IMG_5351-805x1024.jpg","contentUrl":"http:\/\/boulangerieloisance.fr\/wp-content\/uploads\/2022\/07\/IMG_5351-805x1024.jpg"},{"@type":"WebPage","@id":"https:\/\/boulangerieloisance.fr\/index.php\/boulangerie\/","url":"https:\/\/boulangerieloisance.fr\/index.php\/boulangerie\/","name":"Boulangerie - Boulangerie Loisance","isPartOf":{"@id":"https:\/\/boulangerieloisance.fr\/#website"},"primaryImageOfPage":{"@id":"https:\/\/boulangerieloisance.fr\/index.php\/boulangerie\/#primaryimage"},"datePublished":"2022-07-10T16:13:40+00:00","dateModified":"2022-07-22T15:40:24+00:00","description":"Le pain de la boulangerie Loisance est fa\u00e7onn\u00e9 dans notre fournil chaque matin par le boulanger. Il est ensuite mis \u00e0 votre disposition dans notre magasin.","breadcrumb":{"@id":"https:\/\/boulangerieloisance.fr\/index.php\/boulangerie\/#breadcrumb"},"inLanguage":"fr-FR","potentialAction":[{"@type":"ReadAction","target":["https:\/\/boulangerieloisance.fr\/index.php\/boulangerie\/"]}]},{"@type":"BreadcrumbList","@id":"https:\/\/boulangerieloisance.fr\/index.php\/boulangerie\/#breadcrumb","itemListElement":[{"@type":"ListItem","position":1,"name":"Accueil","item":"https:\/\/boulangerieloisance.fr\/"},{"@type":"ListItem","position":2,"name":"Boulangerie"}]}]}},"_links":{"self":[{"href":"https:\/\/boulangerieloisance.fr\/index.php\/wp-json\/wp\/v2\/pages\/72","targetHints":{"allow":["GET"]}}],"collection":[{"href":"https:\/\/boulangerieloisance.fr\/index.php\/wp-json\/wp\/v2\/pages"}],"about":[{"href":"https:\/\/boulangerieloisance.fr\/index.php\/wp-json\/wp\/v2\/types\/page"}],"author":[{"embeddable":true,"href":"https:\/\/boulangerieloisance.fr\/index.php\/wp-json\/wp\/v2\/users\/1"}],"replies":[{"embeddable":true,"href":"https:\/\/boulangerieloisance.fr\/index.php\/wp-json\/wp\/v2\/comments?post=72"}],"version-history":[{"count":5,"href":"https:\/\/boulangerieloisance.fr\/index.php\/wp-json\/wp\/v2\/pages\/72\/revisions"}],"predecessor-version":[{"id":96,"href":"https:\/\/boulangerieloisance.fr\/index.php\/wp-json\/wp\/v2\/pages\/72\/revisions\/96"}],"wp:attachment":[{"href":"https:\/\/boulangerieloisance.fr\/index.php\/wp-json\/wp\/v2\/media?parent=72"}],"curies":[{"name":"wp","href":"https:\/\/api.w.org\/{rel}","templated":true}]}}